{"id":2313,"date":"2026-03-20T13:26:35","date_gmt":"2026-03-20T16:26:35","guid":{"rendered":"https:\/\/planflora.com.br\/site\/?page_id=2313"},"modified":"2026-03-20T14:11:47","modified_gmt":"2026-03-20T17:11:47","slug":"clone-de-pinus","status":"publish","type":"page","link":"https:\/\/planflora.com.br\/site\/clone-de-pinus\/","title":{"rendered":"Clone de Pinus"},"content":{"rendered":"\t\t<div data-elementor-type=\"wp-page\" data-elementor-id=\"2313\" class=\"elementor elementor-2313\" data-elementor-post-type=\"page\">\n\t\t\t\t\t\t<section class=\"elementor-section elementor-top-section elementor-element elementor-element-43b008c elementor-section-boxed elementor-section-height-default elementor-section-height-default\" data-id=\"43b008c\" data-element_type=\"section\" data-e-type=\"section\" data-settings=\"{&quot;ekit_has_onepagescroll_dot&quot;:&quot;yes&quot;}\">\n\t\t\t\t\t\t<div class=\"elementor-container elementor-column-gap-default\">\n\t\t\t\t\t<div class=\"elementor-column elementor-col-50 elementor-top-column elementor-element elementor-element-2d26467\" data-id=\"2d26467\" data-element_type=\"column\" data-e-type=\"column\">\n\t\t\t<div class=\"elementor-widget-wrap elementor-element-populated\">\n\t\t\t\t\t\t<div class=\"elementor-element elementor-element-c66591c elementor-widget elementor-widget-image\" data-id=\"c66591c\" data-element_type=\"widget\" data-e-type=\"widget\" data-settings=\"{&quot;ekit_we_effect_on&quot;:&quot;none&quot;}\" data-widget_type=\"image.default\">\n\t\t\t\t<div class=\"elementor-widget-container\">\n\t\t\t\t\t\t\t\t\t\t\t\t\t\t\t<img fetchpriority=\"high\" decoding=\"async\" width=\"1024\" height=\"864\" src=\"https:\/\/planflora.com.br\/site\/wp-content\/uploads\/2025\/11\/pinnus-1024x864.png\" class=\"attachment-large size-large wp-image-1904\" alt=\"\" srcset=\"https:\/\/planflora.com.br\/site\/wp-content\/uploads\/2025\/11\/pinnus-1024x864.png 1024w, https:\/\/planflora.com.br\/site\/wp-content\/uploads\/2025\/11\/pinnus-300x253.png 300w, https:\/\/planflora.com.br\/site\/wp-content\/uploads\/2025\/11\/pinnus-768x648.png 768w, https:\/\/planflora.com.br\/site\/wp-content\/uploads\/2025\/11\/pinnus.png 1452w\" sizes=\"(max-width: 1024px) 100vw, 1024px\" \/>\t\t\t\t\t\t\t\t\t\t\t\t\t\t\t<\/div>\n\t\t\t\t<\/div>\n\t\t\t\t\t<\/div>\n\t\t<\/div>\n\t\t\t\t<div class=\"elementor-column elementor-col-50 elementor-top-column elementor-element elementor-element-8afc775\" data-id=\"8afc775\" data-element_type=\"column\" data-e-type=\"column\">\n\t\t\t<div class=\"elementor-widget-wrap elementor-element-populated\">\n\t\t\t\t\t\t<div class=\"elementor-element elementor-element-dd7237b elementor-widget elementor-widget-heading\" data-id=\"dd7237b\" data-element_type=\"widget\" data-e-type=\"widget\" data-settings=\"{&quot;ekit_we_effect_on&quot;:&quot;none&quot;}\" data-widget_type=\"heading.default\">\n\t\t\t\t<div class=\"elementor-widget-container\">\n\t\t\t\t\t<h2 class=\"elementor-heading-title elementor-size-default\">Clones de Pinus e mudas seminais certificadas com gen\u00e9ticas melhoradas para t\u00e1buas, toras e l\u00e2minas<\/h2>\t\t\t\t<\/div>\n\t\t\t\t<\/div>\n\t\t\t\t<div class=\"elementor-element elementor-element-4680fd9 elementor-widget elementor-widget-text-editor\" data-id=\"4680fd9\" data-element_type=\"widget\" data-e-type=\"widget\" data-settings=\"{&quot;ekit_we_effect_on&quot;:&quot;none&quot;}\" data-widget_type=\"text-editor.default\">\n\t\t\t\t<div class=\"elementor-widget-container\">\n\t\t\t\t\t\t\t\t\t<p>As esp\u00e9cies do g\u00eanero Pinus s\u00e3o muito utilizadas na industrializa\u00e7\u00e3o de madeira s\u00f3lida. H\u00e1 uma grande demanda pelas serrarias, madeireiras, ind\u00fastrias moveleiras, laminadoras, constru\u00e7\u00e3o civil, e outros usos que necessitam de gen\u00e9ticas melhoradas para estas finalidades. A utiliza\u00e7\u00e3o de gen\u00e9ticas espec\u00edficas possibilita uma maior agrega\u00e7\u00e3o de valor \u00e0s ind\u00fastrias e, consequentemente, uma melhor remunera\u00e7\u00e3o aos produtores de toras.<\/p>\t\t\t\t\t\t\t\t<\/div>\n\t\t\t\t<\/div>\n\t\t\t\t\t<\/div>\n\t\t<\/div>\n\t\t\t\t\t<\/div>\n\t\t<\/section>\n\t\t\t\t<\/div>\n\t\t","protected":false},"excerpt":{"rendered":"<p>Clones de Pinus e mudas seminais certificadas com gen\u00e9ticas melhoradas para t\u00e1buas, toras e l\u00e2minas As esp\u00e9cies do g\u00eanero Pinus s\u00e3o muito utilizadas na industrializa\u00e7\u00e3o de madeira s\u00f3lida. H\u00e1 uma grande demanda pelas serrarias, madeireiras, ind\u00fastrias moveleiras, laminadoras, constru\u00e7\u00e3o civil, e outros usos que necessitam de gen\u00e9ticas melhoradas para estas finalidades. A utiliza\u00e7\u00e3o de gen\u00e9ticas&hellip;&nbsp;<a href=\"https:\/\/planflora.com.br\/site\/clone-de-pinus\/\" rel=\"bookmark\">Continue a ler &raquo;<span class=\"screen-reader-text\">Clone de Pinus<\/span><\/a><\/p>\n","protected":false},"author":1,"featured_media":0,"parent":0,"menu_order":0,"comment_status":"closed","ping_status":"closed","template":"elementor_header_footer","meta":{"neve_meta_sidebar":"","neve_meta_container":"","neve_meta_enable_content_width":"","neve_meta_content_width":0,"neve_meta_title_alignment":"","neve_meta_author_avatar":"","neve_post_elements_order":"","neve_meta_disable_header":"","neve_meta_disable_footer":"","neve_meta_disable_title":"","footnotes":""},"class_list":["post-2313","page","type-page","status-publish","hentry"],"_links":{"self":[{"href":"https:\/\/planflora.com.br\/site\/wp-json\/wp\/v2\/pages\/2313","targetHints":{"allow":["GET"]}}],"collection":[{"href":"https:\/\/planflora.com.br\/site\/wp-json\/wp\/v2\/pages"}],"about":[{"href":"https:\/\/planflora.com.br\/site\/wp-json\/wp\/v2\/types\/page"}],"author":[{"embeddable":true,"href":"https:\/\/planflora.com.br\/site\/wp-json\/wp\/v2\/users\/1"}],"replies":[{"embeddable":true,"href":"https:\/\/planflora.com.br\/site\/wp-json\/wp\/v2\/comments?post=2313"}],"version-history":[{"count":7,"href":"https:\/\/planflora.com.br\/site\/wp-json\/wp\/v2\/pages\/2313\/revisions"}],"predecessor-version":[{"id":2325,"href":"https:\/\/planflora.com.br\/site\/wp-json\/wp\/v2\/pages\/2313\/revisions\/2325"}],"wp:attachment":[{"href":"https:\/\/planflora.com.br\/site\/wp-json\/wp\/v2\/media?parent=2313"}],"curies":[{"name":"wp","href":"https:\/\/api.w.org\/{rel}","templated":true}]}}