{"id":678,"date":"2021-07-24T15:06:58","date_gmt":"2021-07-24T18:06:58","guid":{"rendered":"https:\/\/planflora.com.br\/site\/?page_id=678"},"modified":"2026-03-19T18:08:29","modified_gmt":"2026-03-19T21:08:29","slug":"quem-somos","status":"publish","type":"page","link":"https:\/\/planflora.com.br\/site\/quem-somos\/","title":{"rendered":"Quem somos"},"content":{"rendered":"\t\t<div data-elementor-type=\"wp-page\" data-elementor-id=\"678\" class=\"elementor elementor-678\" data-elementor-post-type=\"page\">\n\t\t\t\t\t\t<section class=\"elementor-section elementor-top-section elementor-element elementor-element-2e826c4 elementor-section-boxed elementor-section-height-default elementor-section-height-default\" data-id=\"2e826c4\" data-element_type=\"section\" data-e-type=\"section\" data-settings=\"{&quot;background_background&quot;:&quot;classic&quot;,&quot;ekit_has_onepagescroll_dot&quot;:&quot;yes&quot;}\">\n\t\t\t\t\t\t<div class=\"elementor-container elementor-column-gap-default\">\n\t\t\t\t\t<div class=\"elementor-column elementor-col-50 elementor-top-column elementor-element elementor-element-5042574\" data-id=\"5042574\" data-element_type=\"column\" data-e-type=\"column\">\n\t\t\t<div class=\"elementor-widget-wrap elementor-element-populated\">\n\t\t\t\t\t\t<div class=\"elementor-element elementor-element-9a86959 elementor-widget elementor-widget-text-editor\" data-id=\"9a86959\" data-element_type=\"widget\" data-e-type=\"widget\" data-settings=\"{&quot;ekit_we_effect_on&quot;:&quot;none&quot;}\" data-widget_type=\"text-editor.default\">\n\t\t\t\t<div class=\"elementor-widget-container\">\n\t\t\t\t\t\t\t\t\t<p>Desde 2005 oferecendo qualidade em mudas florestais<\/p>\t\t\t\t\t\t\t\t<\/div>\n\t\t\t\t<\/div>\n\t\t\t\t<div class=\"elementor-element elementor-element-53b3d9a elementor-widget elementor-widget-text-editor\" data-id=\"53b3d9a\" data-element_type=\"widget\" data-e-type=\"widget\" data-settings=\"{&quot;ekit_we_effect_on&quot;:&quot;none&quot;}\" data-widget_type=\"text-editor.default\">\n\t\t\t\t<div class=\"elementor-widget-container\">\n\t\t\t\t\t\t\t\t\t<p>Com uma moderna e tecnificada infraestrutura, a melhor gen\u00e9tica, <br \/>os melhores insumos e as melhores pr\u00e1ticas silviculturais agregamos <br \/>valor aos nossos clientes.<\/p>\t\t\t\t\t\t\t\t<\/div>\n\t\t\t\t<\/div>\n\t\t\t\t\t<\/div>\n\t\t<\/div>\n\t\t\t\t<div class=\"elementor-column elementor-col-50 elementor-top-column elementor-element elementor-element-a68f22d\" data-id=\"a68f22d\" data-element_type=\"column\" data-e-type=\"column\">\n\t\t\t<div class=\"elementor-widget-wrap\">\n\t\t\t\t\t\t\t<\/div>\n\t\t<\/div>\n\t\t\t\t\t<\/div>\n\t\t<\/section>\n\t\t\t\t<section class=\"elementor-section elementor-top-section elementor-element elementor-element-d02fe03 elementor-section-boxed elementor-section-height-default elementor-section-height-default\" data-id=\"d02fe03\" data-element_type=\"section\" data-e-type=\"section\" data-settings=\"{&quot;ekit_has_onepagescroll_dot&quot;:&quot;yes&quot;}\">\n\t\t\t\t\t\t<div class=\"elementor-container elementor-column-gap-default\">\n\t\t\t\t\t<div class=\"elementor-column elementor-col-50 elementor-top-column elementor-element elementor-element-487af32\" data-id=\"487af32\" data-element_type=\"column\" data-e-type=\"column\">\n\t\t\t<div class=\"elementor-widget-wrap elementor-element-populated\">\n\t\t\t\t\t\t<div class=\"elementor-element elementor-element-b7e55b1 elementor-position-inline-start elementor-mobile-position-inline-start elementor-view-default elementor-widget elementor-widget-icon-box\" data-id=\"b7e55b1\" data-element_type=\"widget\" data-e-type=\"widget\" data-settings=\"{&quot;ekit_we_effect_on&quot;:&quot;none&quot;}\" data-widget_type=\"icon-box.default\">\n\t\t\t\t<div class=\"elementor-widget-container\">\n\t\t\t\t\t\t\t<div class=\"elementor-icon-box-wrapper\">\n\n\t\t\t\t\t\t<div class=\"elementor-icon-box-icon\">\n\t\t\t\t<span  class=\"elementor-icon\">\n\t\t\t\t<svg xmlns=\"http:\/\/www.w3.org\/2000\/svg\" clip-rule=\"evenodd\" fill-rule=\"evenodd\" height=\"512\" stroke-linejoin=\"round\" stroke-miterlimit=\"2\" viewBox=\"0 0 48 48\" width=\"512\"><g transform=\"translate(-360 -216)\"><g transform=\"scale(1.5)\"><g id=\"LINE\"><g transform=\"matrix(.667 0 0 .667 432 432.017)\"><path d=\"m-255.798-425.434c-.453-.315-.565-.939-.25-1.392s.938-.566 1.392-.251c4.263 2.963 7.056 7.896 7.056 13.477 0 3.785-1.619 8.111-3.856 12.229-3.265 6.014-7.819 11.592-10.188 14.326-.003.003-.006.006-.009.009-1.185 1.334-3.409 1.334-4.594 0-.003-.003-.006-.006-.009-.009-2.805-3.237-8.718-10.511-11.92-17.72-.224-.505.003-1.096.508-1.32.504-.224 1.095.003 1.32.508 3.112 7.006 8.868 14.065 11.601 17.219.415.459 1.184.458 1.597-.003 2.312-2.669 6.754-8.103 9.937-13.964 2.065-3.802 3.613-7.78 3.613-11.275 0-4.901-2.453-9.233-6.198-11.834zm-22.374 14.232c.098.543-.264 1.064-.807 1.161-.544.098-1.064-.264-1.161-.807-.17-.942-.26-1.863-.26-2.752 0-9.052 7.348-16.4 16.4-16.4 2.266 0 4.426.461 6.39 1.294.508.215.746.802.531 1.311-.216.508-.803.745-1.311.53-1.725-.731-3.62-1.135-5.61-1.135-7.948 0-14.4 6.452-14.4 14.4 0 .775.081 1.577.228 2.398z\"><\/path><\/g><g transform=\"matrix(.716 0 0 .716 238.596 140.007)\"><circle cx=\"10.931\" cy=\"27.931\" r=\".931\"><\/circle><\/g><g transform=\"matrix(.667 0 0 .667 432 432.017)\"><path d=\"m-264-423c4.415 0 8 3.585 8 8s-3.585 8-8 8-8-3.585-8-8 3.585-8 8-8zm0 2c-3.311 0-6 2.689-6 6s2.689 6 6 6 6-2.689 6-6-2.689-6-6-6z\"><\/path><\/g><\/g><\/g><\/g><\/svg>\t\t\t\t<\/span>\n\t\t\t<\/div>\n\t\t\t\n\t\t\t\t\t\t<div class=\"elementor-icon-box-content\">\n\n\t\t\t\t\n\t\t\t\t\t\t\t\t\t<p class=\"elementor-icon-box-description\">\n\t\t\t\t\t\tA Planflora Mudas Florestais localiza-se as margens da BR 153 Km 96 em Conc\u00f3rdia - SC\t\t\t\t\t<\/p>\n\t\t\t\t\n\t\t\t<\/div>\n\t\t\t\n\t\t<\/div>\n\t\t\t\t\t\t<\/div>\n\t\t\t\t<\/div>\n\t\t\t\t\t<\/div>\n\t\t<\/div>\n\t\t\t\t<div class=\"elementor-column elementor-col-50 elementor-top-column elementor-element elementor-element-540ea99\" data-id=\"540ea99\" data-element_type=\"column\" data-e-type=\"column\">\n\t\t\t<div class=\"elementor-widget-wrap elementor-element-populated\">\n\t\t\t\t\t\t<div class=\"elementor-element elementor-element-4a9242c elementor-widget__width-initial elementor-widget elementor-widget-text-editor\" data-id=\"4a9242c\" data-element_type=\"widget\" data-e-type=\"widget\" data-settings=\"{&quot;ekit_we_effect_on&quot;:&quot;none&quot;}\" data-widget_type=\"text-editor.default\">\n\t\t\t\t<div class=\"elementor-widget-container\">\n\t\t\t\t\t\t\t\t\t<p>Atende florestadores das \u00e1reas madeireira, moveleira, laminadoras, f\u00e1bricas de molduras, constru\u00e7\u00e3o\u00a0 civil, usinas de preserva\u00e7\u00e3o de madeira e biomassa do RS, SC, PR, SP, regi\u00e3o serrana do RJ, sul do MT e sul de MG.<\/p>\t\t\t\t\t\t\t\t<\/div>\n\t\t\t\t<\/div>\n\t\t\t\t\t<\/div>\n\t\t<\/div>\n\t\t\t\t\t<\/div>\n\t\t<\/section>\n\t\t\t\t<section class=\"elementor-section elementor-top-section elementor-element elementor-element-56af008 elementor-section-boxed elementor-section-height-default elementor-section-height-default\" data-id=\"56af008\" data-element_type=\"section\" data-e-type=\"section\" data-settings=\"{&quot;ekit_has_onepagescroll_dot&quot;:&quot;yes&quot;}\">\n\t\t\t\t\t\t<div class=\"elementor-container elementor-column-gap-default\">\n\t\t\t\t\t<div class=\"elementor-column elementor-col-50 elementor-top-column elementor-element elementor-element-361b0d1\" data-id=\"361b0d1\" data-element_type=\"column\" data-e-type=\"column\" data-settings=\"{&quot;background_background&quot;:&quot;classic&quot;}\">\n\t\t\t<div class=\"elementor-widget-wrap elementor-element-populated\">\n\t\t\t\t\t\t<div class=\"elementor-element elementor-element-62bab2d elementor-widget__width-initial elementor-widget elementor-widget-text-editor\" data-id=\"62bab2d\" data-element_type=\"widget\" data-e-type=\"widget\" data-settings=\"{&quot;ekit_we_effect_on&quot;:&quot;none&quot;}\" data-widget_type=\"text-editor.default\">\n\t\t\t\t<div class=\"elementor-widget-container\">\n\t\t\t\t\t\t\t\t\t<p>Grande parte dos recursos obtidos com a atividade s\u00e3o aplicados em pesquisas para sele\u00e7\u00e3o de clones para usos espec\u00edficos e obten\u00e7\u00e3o de novas cultivares com o Projeto Planflora de Hibrida\u00e7\u00e3o.<\/p>\t\t\t\t\t\t\t\t<\/div>\n\t\t\t\t<\/div>\n\t\t\t\t\t<\/div>\n\t\t<\/div>\n\t\t\t\t<div class=\"elementor-column elementor-col-50 elementor-top-column elementor-element elementor-element-a270a87\" data-id=\"a270a87\" data-element_type=\"column\" data-e-type=\"column\" data-settings=\"{&quot;background_background&quot;:&quot;classic&quot;}\">\n\t\t\t<div class=\"elementor-widget-wrap elementor-element-populated\">\n\t\t\t\t\t\t<div class=\"elementor-element elementor-element-07af1a7 elementor-widget__width-initial elementor-widget elementor-widget-text-editor\" data-id=\"07af1a7\" data-element_type=\"widget\" data-e-type=\"widget\" data-settings=\"{&quot;ekit_we_effect_on&quot;:&quot;none&quot;}\" data-widget_type=\"text-editor.default\">\n\t\t\t\t<div class=\"elementor-widget-container\">\n\t\t\t\t\t\t\t\t\t<p>Para a produ\u00e7\u00e3o das mudas disp\u00f5e de moderna e tecnificada infraestrutura e utiliza a melhor gen\u00e9tica, os melhores insumos e as melhoras pr\u00e1ticas silviculturais objetivando agregar valores aos seus clientes.<\/p>\t\t\t\t\t\t\t\t<\/div>\n\t\t\t\t<\/div>\n\t\t\t\t\t<\/div>\n\t\t<\/div>\n\t\t\t\t\t<\/div>\n\t\t<\/section>\n\t\t\t\t<section class=\"elementor-section elementor-top-section elementor-element elementor-element-23107de elementor-section-boxed elementor-section-height-default elementor-section-height-default\" data-id=\"23107de\" data-element_type=\"section\" data-e-type=\"section\" data-settings=\"{&quot;background_background&quot;:&quot;classic&quot;,&quot;ekit_has_onepagescroll_dot&quot;:&quot;yes&quot;}\">\n\t\t\t\t\t\t<div class=\"elementor-container elementor-column-gap-default\">\n\t\t\t\t\t<div class=\"elementor-column elementor-col-50 elementor-top-column elementor-element elementor-element-55c9d44\" data-id=\"55c9d44\" data-element_type=\"column\" data-e-type=\"column\" data-settings=\"{&quot;background_background&quot;:&quot;classic&quot;}\">\n\t\t\t<div class=\"elementor-widget-wrap elementor-element-populated\">\n\t\t\t\t\t\t<div class=\"elementor-element elementor-element-55180e3 elementor-widget elementor-widget-text-editor\" data-id=\"55180e3\" data-element_type=\"widget\" data-e-type=\"widget\" data-settings=\"{&quot;ekit_we_effect_on&quot;:&quot;none&quot;}\" data-widget_type=\"text-editor.default\">\n\t\t\t\t<div class=\"elementor-widget-container\">\n\t\t\t\t\t\t\t\t\t<p>Nossa preocupa\u00e7\u00e3o<br \/>com o meio ambiente<\/p>\t\t\t\t\t\t\t\t<\/div>\n\t\t\t\t<\/div>\n\t\t\t\t<div class=\"elementor-element elementor-element-df53978 elementor-widget__width-initial elementor-widget elementor-widget-text-editor\" data-id=\"df53978\" data-element_type=\"widget\" data-e-type=\"widget\" data-settings=\"{&quot;ekit_we_effect_on&quot;:&quot;none&quot;}\" data-widget_type=\"text-editor.default\">\n\t\t\t\t<div class=\"elementor-widget-container\">\n\t\t\t\t\t\t\t\t\t<p>Para a Planflora, a floresta implantada seguindo boas pr\u00e1ticas silviculturais, respeitando o c\u00f3digo florestal, ap\u00f3s as florestas nativas \u00e9 a segunda melhor forma de garantir um meio ambiente saud\u00e1vel para as futuras gera\u00e7\u00f5es, pois dispensa a utiliza\u00e7\u00e3o anual de pesticidas, estabiliza o regime h\u00eddrico, conserva o solo, melhora a qualidade do ar e da \u00e1gua, sem contar que \u00e9 um recurso renov\u00e1vel e imprescind\u00edvel na fixa\u00e7\u00e3o do carbono, causador do efeito estufa, de consequ\u00eancias imprevis\u00edveis para a habitabilidade do nosso planeta.<\/p><p>Iniciativas pioneiras como o Projeto de Inova\u00e7\u00e3o Tecnol\u00f3gica da Planflora, objetivando alavancar significativamente a produtividade e o aproveitamento industrial da madeira de florestas plantadas, diminuem a press\u00e3o sobre o desmatamento de matas nativas que atualmente ainda abastecem grandes percentuais do mercado mundial de madeiras.<\/p>\t\t\t\t\t\t\t\t<\/div>\n\t\t\t\t<\/div>\n\t\t\t\t\t<\/div>\n\t\t<\/div>\n\t\t\t\t<div class=\"elementor-column elementor-col-50 elementor-top-column elementor-element elementor-element-ce81adf\" data-id=\"ce81adf\" data-element_type=\"column\" data-e-type=\"column\">\n\t\t\t<div class=\"elementor-widget-wrap\">\n\t\t\t\t\t\t\t<\/div>\n\t\t<\/div>\n\t\t\t\t\t<\/div>\n\t\t<\/section>\n\t\t\t\t<\/div>\n\t\t","protected":false},"excerpt":{"rendered":"<p>Desde 2005 oferecendo qualidade em mudas florestais Com uma moderna e tecnificada infraestrutura, a melhor gen\u00e9tica, os melhores insumos e as melhores pr\u00e1ticas silviculturais agregamos valor aos nossos clientes. A Planflora Mudas Florestais localiza-se as margens da BR 153 Km 96 em Conc\u00f3rdia &#8211; SC Atende florestadores das \u00e1reas madeireira, moveleira, laminadoras, f\u00e1bricas de molduras,&hellip;&nbsp;<a href=\"https:\/\/planflora.com.br\/site\/quem-somos\/\" rel=\"bookmark\">Continue a ler &raquo;<span class=\"screen-reader-text\">Quem somos<\/span><\/a><\/p>\n","protected":false},"author":1,"featured_media":0,"parent":0,"menu_order":0,"comment_status":"closed","ping_status":"closed","template":"elementor_header_footer","meta":{"neve_meta_sidebar":"","neve_meta_container":"","neve_meta_enable_content_width":"","neve_meta_content_width":0,"neve_meta_title_alignment":"","neve_meta_author_avatar":"","neve_post_elements_order":"","neve_meta_disable_header":"","neve_meta_disable_footer":"","neve_meta_disable_title":"","footnotes":""},"class_list":["post-678","page","type-page","status-publish","hentry"],"_links":{"self":[{"href":"https:\/\/planflora.com.br\/site\/wp-json\/wp\/v2\/pages\/678","targetHints":{"allow":["GET"]}}],"collection":[{"href":"https:\/\/planflora.com.br\/site\/wp-json\/wp\/v2\/pages"}],"about":[{"href":"https:\/\/planflora.com.br\/site\/wp-json\/wp\/v2\/types\/page"}],"author":[{"embeddable":true,"href":"https:\/\/planflora.com.br\/site\/wp-json\/wp\/v2\/users\/1"}],"replies":[{"embeddable":true,"href":"https:\/\/planflora.com.br\/site\/wp-json\/wp\/v2\/comments?post=678"}],"version-history":[{"count":133,"href":"https:\/\/planflora.com.br\/site\/wp-json\/wp\/v2\/pages\/678\/revisions"}],"predecessor-version":[{"id":2303,"href":"https:\/\/planflora.com.br\/site\/wp-json\/wp\/v2\/pages\/678\/revisions\/2303"}],"wp:attachment":[{"href":"https:\/\/planflora.com.br\/site\/wp-json\/wp\/v2\/media?parent=678"}],"curies":[{"name":"wp","href":"https:\/\/api.w.org\/{rel}","templated":true}]}}